{"id":952,"date":"2019-04-26T17:24:02","date_gmt":"2019-04-26T15:24:02","guid":{"rendered":"http:\/\/prowidedevelopment.com\/mentions-legales\/"},"modified":"2019-05-03T17:17:19","modified_gmt":"2019-05-03T15:17:19","slug":"legal-notice","status":"publish","type":"page","link":"https:\/\/prowidedevelopment.com\/en\/legal-notice\/","title":{"rendered":"LEGAL NOTICE"},"content":{"rendered":"<div id=\"identite_name\" class=\"CompanyIdentity__name\">\n<div class=\"sirenSociete\">\n<h3><span style=\"vertical-align: inherit;\"><span style=\"vertical-align: inherit;\">Personal data<\/span><\/span><\/h3>\n<p><span style=\"vertical-align: inherit;\"><span style=\"vertical-align: inherit;\">The data collected on our site are intended for <\/span><\/span><strong><span style=\"vertical-align: inherit;\"><span style=\"vertical-align: inherit;\">ProwideDevelopment.com<\/span><\/span><\/strong><span style=\"vertical-align: inherit;\"><span style=\"vertical-align: inherit;\"> , they are strictly confidential and kept for the purposes of managing our commercial relations, prospecting and statistics and have been declared to the CNIL. <\/span><span style=\"vertical-align: inherit;\">In accordance with the provisions of the law &#8220;Informatique et Libert\u00e9s&#8221; of January 6, 1978 modified by the law of August 6, 2004, you have a right to access, modify, rectify and delete data concerning you, from <\/span><\/span><strong><span style=\"vertical-align: inherit;\"><span style=\"vertical-align: inherit;\">contact [at] prowidedevelopment.com.<\/span><\/span><\/strong><\/p>\n<h3><span style=\"vertical-align: inherit;\"><span style=\"vertical-align: inherit;\">Terms of use<\/span><\/span><\/h3>\n<p><span style=\"vertical-align: inherit;\"><span style=\"vertical-align: inherit;\">This website is subject to French law. <\/span><span style=\"vertical-align: inherit;\">By consulting this site you agree to respect the conditions of use as they are displayed on the date of consultation.<\/span><\/span><\/p>\n<h3><span style=\"vertical-align: inherit;\"><span style=\"vertical-align: inherit;\">Purpose of the Site<\/span><\/span><\/h3>\n<p><span style=\"vertical-align: inherit;\"><span style=\"vertical-align: inherit;\">This site publishes contractual and non-contractual information on <\/span><\/span><strong><span style=\"vertical-align: inherit;\"><span style=\"vertical-align: inherit;\">ProwideDevelopment.com&#8217;s<\/span><\/span><\/strong><span style=\"vertical-align: inherit;\"><span style=\"vertical-align: inherit;\"> service <\/span><strong><span style=\"vertical-align: inherit;\">offerings<\/span><\/strong><span style=\"vertical-align: inherit;\"> . <\/span><span style=\"vertical-align: inherit;\">Insofar as the update of this site is carried out taking into account all the activities of the company, it could happen that some new or announced information is not valid any more at the time of their diffusion, or that they are simply outdated. <\/span><\/span><strong><span style=\"vertical-align: inherit;\"><span style=\"vertical-align: inherit;\">ProwideDevelopment.com<\/span><\/span><\/strong><span style=\"vertical-align: inherit;\"><span style=\"vertical-align: inherit;\"> \u00a0can not guarantee, although it makes the necessary efforts, the perfect update of all information or news which is diffused on this site.<\/span><\/span><\/p>\n<h3><span style=\"vertical-align: inherit;\"><span style=\"vertical-align: inherit;\">Respect for intellectual property rights.<\/span><\/span><\/h3>\n<p><span style=\"vertical-align: inherit;\"><span style=\"vertical-align: inherit;\">All content on this Site (architecture, text, photos, illustrations and software &#8230;) is the property of <\/span><\/span><strong><span style=\"vertical-align: inherit;\"><span style=\"vertical-align: inherit;\">ProwideDevelopment.com<\/span><\/span><\/strong><span style=\"vertical-align: inherit;\"><span style=\"vertical-align: inherit;\"> \u00a0or its technical service providers.<\/span><\/span><\/p>\n<p><span style=\"vertical-align: inherit;\"><span style=\"vertical-align: inherit;\">We draw the attention of visitors to the fact that photos, or particular signs may also constitute intellectual property rights. <\/span><span style=\"vertical-align: inherit;\">The trademarks and logos used on this site have been registered, their reproduction constitutes an infringement.<\/span><\/span><\/p>\n<p><span style=\"vertical-align: inherit;\"><span style=\"vertical-align: inherit;\">All rights of use are reserved. <\/span><span style=\"vertical-align: inherit;\">In accordance with Article L.122-4 of the Intellectual Property Code any representation or reproduction not expressly authorized, in whole or in part and by any means whatsoever, is unlawful and constitutes an infringement punishable under Articles L. 335-2 and following the code of intellectual property.<\/span><\/span><\/p>\n<h3><span style=\"vertical-align: inherit;\"><span style=\"vertical-align: inherit;\">The links<\/span><\/span><\/h3>\n<p><span style=\"vertical-align: inherit;\"><span style=\"vertical-align: inherit;\">This site may provide links to other sites. <\/span><span style=\"vertical-align: inherit;\">These sites are independent of <\/span><\/span><strong><span style=\"vertical-align: inherit;\"><span style=\"vertical-align: inherit;\">ProwideDevelopment.com<\/span><\/span><\/strong><span style=\"vertical-align: inherit;\"><span style=\"vertical-align: inherit;\"> . <\/span><\/span><br \/>\n<strong><span style=\"vertical-align: inherit;\"><span style=\"vertical-align: inherit;\">ProwideDevelopment.com<\/span><\/span><\/strong><span style=\"vertical-align: inherit;\"><span style=\"vertical-align: inherit;\"> \u00a0does not <\/span><strong><span style=\"vertical-align: inherit;\">edit<\/span><\/strong><span style=\"vertical-align: inherit;\"> or control the sources and contents of these sites or their links to other sites.<\/span><\/span><\/p>\n<p><span style=\"vertical-align: inherit;\"><span style=\"vertical-align: inherit;\">The links to these sites do not constitute in any way an approval or validation or adhesion to the content of these sites. <\/span><\/span><strong><span style=\"vertical-align: inherit;\"><span style=\"vertical-align: inherit;\">ProwideDevelopment.com<\/span><\/span><\/strong><span style=\"vertical-align: inherit;\"><span style=\"vertical-align: inherit;\"> \u00a0can not therefore be held responsible for the content, the products, the services, the advertising, the cookies or other elements of these sites as well as for all the damages or losses, proven or alleged, consecutive or in relation with the use of such information, services or data available on these sites.<\/span><\/span><\/p>\n<h3><span style=\"vertical-align: inherit;\"><span style=\"vertical-align: inherit;\">Responsibility<\/span><\/span><\/h3>\n<p><strong>ProwideDevelopment.com<\/strong>, ses dirigeants ou salari\u00e9s ne sauraient \u00eatre tenus responsables pour quelque dommage que ce soit provenant d\u2019une connexion au pr\u00e9sent site.<\/p>\n<p><strong>ProwideDevelopment.com<\/strong> se r\u00e9serve la possibilit\u00e9 de modification, suspension ou m\u00eame d\u2019interruption de la diffusion de tout ou partie de ce site et en particulier des liens vers d\u2019autres sites et\/ou les \u00e9changes entre visiteurs qui seraient diffus\u00e9s.<\/p>\n<p>Les visiteurs s\u2019engagent \u00e0 ne pas soit volontairement soit m\u00eame involontairement introduire de virus ou de fichier de quelque nature que ce soit perturbant le fonctionnement du site; dans un tel cas ils en assumeraient seuls la responsabilit\u00e9 enti\u00e8re. Dans l\u2019esprit du respect de tous, <strong>ProwideDevelopment.com<\/strong>\u00a0poursuivra les visiteurs ind\u00e9licats en justice.<\/p>\n<h3>Collecte d\u2019Informations Statistiques de Navigation<\/h3>\n<p><strong>ProwideDevelopment.com<\/strong> attire votre attention sur le fait que certaines informations peuvent \u00eatre enregistr\u00e9es par nos serveurs (navigateur utilis\u00e9, adresse IP, \u2026).<\/p>\n<h3>Collecte et utilisation des donn\u00e9es personnelles<\/h3>\n<p><strong>ProwideDevelopment.com<\/strong> n\u2019exige \u00e0 aucun moment la communication par tout utilisateur de donn\u00e9es personnelles (nom, adresse, adresse \u00e9lectronique, profession\u2026). Toutefois, notamment pour obtenir certaines informations ou recevoir des documents, vous pourrez \u00eatre amen\u00e9s \u00e0 vous inscrire en fournissant certaines donn\u00e9es personnelles.<\/p>\n<p><strong>ProwideDevelopment.com<\/strong> vous informe que les donn\u00e9es personnelles que vous pourriez lui communiquer en ligne sont destin\u00e9es au seul usage de <strong>ProwideDevelopment.com<\/strong>\u00a0est responsable de leur traitement et de leur conservation. Ces donn\u00e9es ne seront pas communiqu\u00e9es \u00e0 des tiers \u00e0 l\u2019exclusion des tiers h\u00e9bergeant le site ou intervenant(s) dans son contenu ou sa gestion.<\/p>\n<p><strong>ProwideDevelopment.com<\/strong> s\u2019engage \u00e0 prendre toutes les mesures raisonnables \u00e0 sa disposition pour pr\u00e9server la confidentialit\u00e9 de ces donn\u00e9es personnelles.<\/p>\n<p><strong>ProwideDevelopment.com<\/strong> porte \u00e0 votre attention le fait que sa base de donn\u00e9es susceptible de comporter ces donn\u00e9es personnelles a fait l\u2019objet d\u2019une d\u00e9claration aupr\u00e8s de la Commission Nationale Informatique et Libert\u00e9 (CNIL).<\/p>\n<p>Par ailleurs, <strong>ProwideDevelopment.com<\/strong>\u00a0vous rappelle que conform\u00e9ment \u00e0 la loi relative \u00e0 l\u2019informatique, aux fichiers et aux libert\u00e9s telle que modifi\u00e9e, vous disposez d\u2019un droit d\u2019opposition, d\u2019acc\u00e8s et de rectification de ces donn\u00e9es personnelles. Vous exercez ce droit \u00e0 tout moment en adressant un email l\u2019adresse suivante : <strong>contact[at]ProwideDevelopment.com<\/strong> ou un courrier \u00e0 l\u2019adresse suivante :<br \/>\nPROWIDE DEVELOPMENT<br \/>\nService client\u00e8le ProwideDevelopment.com<br \/>\n177 CHE DENIS BODDEN<br \/>\n06210 MANDELIEU LA NAPOULE<\/p>\n<p>A chaque fois que des donn\u00e9es \u00e0 caract\u00e8re personnel seront collect\u00e9es sur le site, les conditions juridiques de collecte et\/ou de modification des donn\u00e9es collect\u00e9es seront express\u00e9ment rappel\u00e9es.<\/p>\n<h3>Conditions additionnelles et\/ou compl\u00e9mentaires<\/h3>\n<p>Le pr\u00e9sent site peut contenir ou renvoyer vers d\u2019autres conditions additionnelles ou compl\u00e9mentaires que les visiteurs doivent respecter ; en cas de conflit ce seront les pr\u00e9sentes conditions qui devront \u00eatre appliqu\u00e9es ; elles seront interpr\u00e9t\u00e9es en droit fran\u00e7ais et par les tribunaux du ressort de la Cour d\u2019Appel de Paris, France, \u00e0 qui une comp\u00e9tence exclusive est attribu\u00e9e. Toute utilisation du site est express\u00e9ment consid\u00e9r\u00e9e comme faite \u00e0 partir du territoire fran\u00e7ais. <strong>ProwideDevelopment.com<\/strong>\u00a0se r\u00e9serve le droit de modifier \u00e0 tout moment les pr\u00e9sentes conditions d\u2019utilisation.<\/p>\n<p id=\"identite_deno\" class=\"nomSociete\">Le site <strong>ProwideDevelopment.com<\/strong> est propuls\u00e9 par la soci\u00e9t\u00e9<\/p>\n<h3 class=\"nomSociete\">PROWIDE DEVELOPMENT<\/h3>\n<div class=\"sirenSociete\">\n<div class=\"grid_row w100 gutter\">\n<div class=\"grid_left w40 ccmcss_align_l ccmcss_valign_c\"><b>Raison sociale\u00a0:\u00a0<\/b>PROWIDE DEVELOPMENT<\/div>\n<\/div>\n<div id=\"siren-prowide-development\" class=\"grid_row w100 gutter\">\n<div class=\"grid_left w40 ccmcss_align_l ccmcss_valign_c\"><b title=\"siren Prowide Development\">Num\u00e9ro Siren\u00a0:\u00a0<\/b><span title=\"siren 752 483 628\">752 483 628<\/span><\/div>\n<\/div>\n<div id=\"siret-prowide-development\" class=\"grid_row w100 gutter\">\n<div class=\"grid_left w40 ccmcss_align_l ccmcss_valign_c\"><b title=\"siret Prowide Development\"><span style=\"vertical-align: inherit;\"><span style=\"vertical-align: inherit;\">Siret number:\u00a0 <\/span><\/span><\/b><span title=\"siret 75248362800018\"><span style=\"vertical-align: inherit;\"><span style=\"vertical-align: inherit;\">75248362800018<\/span><\/span><\/span><span style=\"vertical-align: inherit;\"><span style=\"vertical-align: inherit;\"> \u00a0(company headquarters)<\/span><\/span><\/div>\n<\/div>\n<div class=\"grid_row w100 gutter\">\n<div class=\"grid_left w40 ccmcss_align_l ccmcss_valign_c\"><b><span style=\"vertical-align: inherit;\"><span style=\"vertical-align: inherit;\">Registry:\u00a0<\/span><\/span><\/b><span style=\"vertical-align: inherit;\"><span style=\"vertical-align: inherit;\"> RCS Cannes<\/span><\/span><\/div>\n<\/div>\n<p class=\"number\"><strong><span style=\"vertical-align: inherit;\"><span style=\"vertical-align: inherit;\">Address:<\/span><\/span><\/strong><span style=\"vertical-align: inherit;\"><span style=\"vertical-align: inherit;\"> 177 CHE DENIS BODDEN 06210 MANDELIEU LA NAPOULE <\/span><\/span><br \/>\n<b><span style=\"vertical-align: inherit;\"><span style=\"vertical-align: inherit;\">Share capital:<\/span><\/span><\/b><span style=\"vertical-align: inherit;\"><span style=\"vertical-align: inherit;\"> \u00a0\u20ac <\/span><span style=\"vertical-align: inherit;\">2,000.00<\/span><\/span><\/p>\n<p><strong><span style=\"vertical-align: inherit;\"><span style=\"vertical-align: inherit;\">This site is hosted by the Company:<\/span><\/span><\/strong><span style=\"vertical-align: inherit;\"><span style=\"vertical-align: inherit;\"> \u00a0OVH 2 rue Kellermann &#8211; 59100 Roubaix &#8211; France Tel: 0 820 698 765<\/span><\/span><\/p>\n<\/div>\n<p>&nbsp;<\/p>\n<p class=\"number\">\n<\/div>\n<\/div>\n","protected":false},"excerpt":{"rendered":"<p>Personal data The data collected on our site are intended for ProwideDevelopment.com , they are strictly confidential and kept for the purposes of managing our commercial relations, prospecting and statistics and have been declared to the CNIL. In accordance with the provisions of the law &#8220;Informatique et Libert\u00e9s&#8221; of January 6, 1978 modified by the [&hellip;]<\/p>\n","protected":false},"author":2,"featured_media":0,"parent":0,"menu_order":0,"comment_status":"closed","ping_status":"closed","template":"","meta":{"footnotes":""},"yoast_head":"<!-- This site is optimized with the Yoast SEO plugin v17.8 - https:\/\/yoast.com\/wordpress\/plugins\/seo\/ -->\n<title>LEGAL NOTICE - Prowide Development<\/title>\n<meta name=\"robots\" content=\"index, follow, max-snippet:-1, max-image-preview:large, max-video-preview:-1\" \/>\n<link rel=\"canonical\" href=\"https:\/\/prowidedevelopment.com\/en\/legal-notice\/\" \/>\n<meta property=\"og:locale\" content=\"en_US\" \/>\n<meta property=\"og:type\" content=\"article\" \/>\n<meta property=\"og:title\" content=\"LEGAL NOTICE - Prowide Development\" \/>\n<meta property=\"og:description\" content=\"Personal data The data collected on our site are intended for ProwideDevelopment.com , they are strictly confidential and kept for the purposes of managing our commercial relations, prospecting and statistics and have been declared to the CNIL. In accordance with the provisions of the law &#8220;Informatique et Libert\u00e9s&#8221; of January 6, 1978 modified by the [&hellip;]\" \/>\n<meta property=\"og:url\" content=\"https:\/\/prowidedevelopment.com\/en\/legal-notice\/\" \/>\n<meta property=\"og:site_name\" content=\"Prowide Development\" \/>\n<meta property=\"article:modified_time\" content=\"2019-05-03T15:17:19+00:00\" \/>\n<meta name=\"twitter:card\" content=\"summary_large_image\" \/>\n<meta name=\"twitter:label1\" content=\"Est. reading time\" \/>\n\t<meta name=\"twitter:data1\" content=\"5 minutes\" \/>\n<script type=\"application\/ld+json\" class=\"yoast-schema-graph\">{\"@context\":\"https:\/\/schema.org\",\"@graph\":[{\"@type\":\"WebSite\",\"@id\":\"https:\/\/prowidedevelopment.com\/#website\",\"url\":\"https:\/\/prowidedevelopment.com\/\",\"name\":\"Prowide Development\",\"description\":\"Votre acc\\u00e9l\\u00e9rateur de croissance business\",\"potentialAction\":[{\"@type\":\"SearchAction\",\"target\":{\"@type\":\"EntryPoint\",\"urlTemplate\":\"https:\/\/prowidedevelopment.com\/?s={search_term_string}\"},\"query-input\":\"required name=search_term_string\"}],\"inLanguage\":\"en-US\"},{\"@type\":\"WebPage\",\"@id\":\"https:\/\/prowidedevelopment.com\/en\/legal-notice\/#webpage\",\"url\":\"https:\/\/prowidedevelopment.com\/en\/legal-notice\/\",\"name\":\"LEGAL NOTICE - Prowide Development\",\"isPartOf\":{\"@id\":\"https:\/\/prowidedevelopment.com\/#website\"},\"datePublished\":\"2019-04-26T15:24:02+00:00\",\"dateModified\":\"2019-05-03T15:17:19+00:00\",\"breadcrumb\":{\"@id\":\"https:\/\/prowidedevelopment.com\/en\/legal-notice\/#breadcrumb\"},\"inLanguage\":\"en-US\",\"potentialAction\":[{\"@type\":\"ReadAction\",\"target\":[\"https:\/\/prowidedevelopment.com\/en\/legal-notice\/\"]}]},{\"@type\":\"BreadcrumbList\",\"@id\":\"https:\/\/prowidedevelopment.com\/en\/legal-notice\/#breadcrumb\",\"itemListElement\":[{\"@type\":\"ListItem\",\"position\":1,\"name\":\"Accueil\",\"item\":\"https:\/\/prowidedevelopment.com\/en\/\"},{\"@type\":\"ListItem\",\"position\":2,\"name\":\"LEGAL NOTICE\"}]}]}<\/script>\n<!-- \/ Yoast SEO plugin. -->","yoast_head_json":{"title":"LEGAL NOTICE - Prowide Development","robots":{"index":"index","follow":"follow","max-snippet":"max-snippet:-1","max-image-preview":"max-image-preview:large","max-video-preview":"max-video-preview:-1"},"canonical":"https:\/\/prowidedevelopment.com\/en\/legal-notice\/","og_locale":"en_US","og_type":"article","og_title":"LEGAL NOTICE - Prowide Development","og_description":"Personal data The data collected on our site are intended for ProwideDevelopment.com , they are strictly confidential and kept for the purposes of managing our commercial relations, prospecting and statistics and have been declared to the CNIL. In accordance with the provisions of the law &#8220;Informatique et Libert\u00e9s&#8221; of January 6, 1978 modified by the [&hellip;]","og_url":"https:\/\/prowidedevelopment.com\/en\/legal-notice\/","og_site_name":"Prowide Development","article_modified_time":"2019-05-03T15:17:19+00:00","twitter_card":"summary_large_image","twitter_misc":{"Est. reading time":"5 minutes"},"schema":{"@context":"https:\/\/schema.org","@graph":[{"@type":"WebSite","@id":"https:\/\/prowidedevelopment.com\/#website","url":"https:\/\/prowidedevelopment.com\/","name":"Prowide Development","description":"Votre acc\u00e9l\u00e9rateur de croissance business","potentialAction":[{"@type":"SearchAction","target":{"@type":"EntryPoint","urlTemplate":"https:\/\/prowidedevelopment.com\/?s={search_term_string}"},"query-input":"required name=search_term_string"}],"inLanguage":"en-US"},{"@type":"WebPage","@id":"https:\/\/prowidedevelopment.com\/en\/legal-notice\/#webpage","url":"https:\/\/prowidedevelopment.com\/en\/legal-notice\/","name":"LEGAL NOTICE - Prowide Development","isPartOf":{"@id":"https:\/\/prowidedevelopment.com\/#website"},"datePublished":"2019-04-26T15:24:02+00:00","dateModified":"2019-05-03T15:17:19+00:00","breadcrumb":{"@id":"https:\/\/prowidedevelopment.com\/en\/legal-notice\/#breadcrumb"},"inLanguage":"en-US","potentialAction":[{"@type":"ReadAction","target":["https:\/\/prowidedevelopment.com\/en\/legal-notice\/"]}]},{"@type":"BreadcrumbList","@id":"https:\/\/prowidedevelopment.com\/en\/legal-notice\/#breadcrumb","itemListElement":[{"@type":"ListItem","position":1,"name":"Accueil","item":"https:\/\/prowidedevelopment.com\/en\/"},{"@type":"ListItem","position":2,"name":"LEGAL NOTICE"}]}]}},"_links":{"self":[{"href":"https:\/\/prowidedevelopment.com\/en\/wp-json\/wp\/v2\/pages\/952"}],"collection":[{"href":"https:\/\/prowidedevelopment.com\/en\/wp-json\/wp\/v2\/pages"}],"about":[{"href":"https:\/\/prowidedevelopment.com\/en\/wp-json\/wp\/v2\/types\/page"}],"author":[{"embeddable":true,"href":"https:\/\/prowidedevelopment.com\/en\/wp-json\/wp\/v2\/users\/2"}],"replies":[{"embeddable":true,"href":"https:\/\/prowidedevelopment.com\/en\/wp-json\/wp\/v2\/comments?post=952"}],"version-history":[{"count":3,"href":"https:\/\/prowidedevelopment.com\/en\/wp-json\/wp\/v2\/pages\/952\/revisions"}],"predecessor-version":[{"id":955,"href":"https:\/\/prowidedevelopment.com\/en\/wp-json\/wp\/v2\/pages\/952\/revisions\/955"}],"wp:attachment":[{"href":"https:\/\/prowidedevelopment.com\/en\/wp-json\/wp\/v2\/media?parent=952"}],"curies":[{"name":"wp","href":"https:\/\/api.w.org\/{rel}","templated":true}]}}